{"id":136,"date":"2024-01-10T00:33:38","date_gmt":"2024-01-10T00:33:38","guid":{"rendered":"https:\/\/lead.rootsdigital.net\/?page_id=136"},"modified":"2024-01-10T00:49:31","modified_gmt":"2024-01-10T00:49:31","slug":"autism-early-signs","status":"publish","type":"page","link":"https:\/\/lead.rootsdigital.net\/es\/autism-early-signs\/","title":{"rendered":"Signos tempranos del autismo"},"content":{"rendered":"<section class=\"l-section wpb_row us_custom_c9c82669 has_text_color height_large\"><div class=\"l-section-overlay\" style=\"background:rgba(20,20,20,0.42)\"><\/div><div class=\"l-section-h i-cf\"><div class=\"g-cols vc_row via_grid cols_1 laptops-cols_inherit tablets-cols_inherit mobiles-cols_1 valign_top type_default stacking_default\"><div class=\"wpb_column vc_column_container\"><div class=\"vc_column-inner\"><h1 class=\"w-post-elm post_title align_center entry-title color_link_inherit\">Signos tempranos del autismo<\/h1><\/div><\/div><\/div><\/div><\/section><section class=\"l-section wpb_row height_medium\"><div class=\"l-section-h i-cf\"><div class=\"g-cols vc_row via_grid cols_1 laptops-cols_inherit tablets-cols_inherit mobiles-cols_1 valign_top type_default stacking_default\"><div class=\"wpb_column vc_column_container\"><div class=\"vc_column-inner\"><div class=\"wpb_text_column\"><div class=\"wpb_wrapper\"><h2>Signos y s\u00edntomas de los trastornos del espectro autista<\/h2>\n<p>Los trastornos del espectro autista (TEA) son discapacidades del desarrollo causadas por diferencias en el cerebro. Las personas con TEA con frecuencia tienen problemas con la comunicaci\u00f3n y la interacci\u00f3n sociales, y conductas o intereses restrictivos o repetitivos. Las personas con TEA tambi\u00e9n podr\u00edan tener maneras distintas de aprender, moverse o prestar atenci\u00f3n. Es importante se\u00f1alar que algunas personas sin TEA tambi\u00e9n podr\u00edan tener algunos de estos s\u00edntomas. Sin embargo, en las personas con TEA, estas caracter\u00edsticas pueden dificultar mucho la vida.<\/p>\n<\/div><\/div><div class=\"w-separator size_medium\"><\/div><div class=\"g-cols wpb_row via_grid cols_1 laptops-cols_inherit tablets-cols_inherit mobiles-cols_1 valign_top type_default stacking_default\"><div class=\"wpb_column vc_column_container\"><div class=\"vc_column-inner\"><div class=\"w-image align_none\"><div class=\"w-image-h\"><img loading=\"lazy\" decoding=\"async\" width=\"2560\" height=\"1161\" src=\"https:\/\/lead.rootsdigital.net\/wp-content\/uploads\/2024\/01\/iStock-1069933778-scaled-1.webp\" class=\"attachment-full size-full\" alt=\"\" srcset=\"https:\/\/lead.rootsdigital.net\/wp-content\/uploads\/2024\/01\/iStock-1069933778-scaled-1.webp 2560w, https:\/\/lead.rootsdigital.net\/wp-content\/uploads\/2024\/01\/iStock-1069933778-scaled-1-300x136.webp 300w, https:\/\/lead.rootsdigital.net\/wp-content\/uploads\/2024\/01\/iStock-1069933778-scaled-1-1024x464.webp 1024w, https:\/\/lead.rootsdigital.net\/wp-content\/uploads\/2024\/01\/iStock-1069933778-scaled-1-600x272.webp 600w\" sizes=\"(max-width: 2560px) 100vw, 2560px\" \/><\/div><\/div><\/div><\/div><\/div><div class=\"w-separator size_medium\"><\/div><div class=\"g-cols wpb_row via_grid cols_1 laptops-cols_inherit tablets-cols_inherit mobiles-cols_1 valign_top type_default stacking_default\"><div class=\"wpb_column vc_column_container\"><div class=\"vc_column-inner\"><div class=\"wpb_text_column\"><div class=\"wpb_wrapper\"><h3>Destrezas de comunicaci\u00f3n e interacci\u00f3n sociales<\/h3>\n<\/div><\/div><div class=\"wpb_text_column\"><div class=\"wpb_wrapper\"><p>Las destrezas de comunicaci\u00f3n e interacci\u00f3n sociales pueden ser un desaf\u00edo para las personas con TEA.\nAlgunos ejemplos de caracter\u00edsticas de la comunicaci\u00f3n social y de la interacci\u00f3n social relacionadas con los TEA son:<\/p>\n<ul>\n<li>Evitar mirar a los ojos a otra persona o no mantener el contacto visual<\/li>\n<li>No responder cuando lo llaman por su nombre, hacia los 9 meses de edad<\/li>\n<li>No mostrar expresiones faciales como de felicidad, tristeza, enojo y sorpresa, hacia los 9 meses de edad<\/li>\n<li>No participar en juegos interactivos simples como dar palmaditas con las manos (pat-a-cake), hacia los 12 meses de edad<\/li>\n<li>Usar pocos o ning\u00fan gesto, hacia los 12 meses de edad (por ejemplo, no decir adi\u00f3s con la mano)<\/li>\n<li>No compartir intereses con otras personas, hacia los 15 meses de edad (por ejemplo, no mostrar un objeto que le guste)<\/li>\n<li>No apuntar a algo interesante para mostrarlo, hacia los 18 meses de edad<\/li>\n<li>No notar cuando otras personas est\u00e1n lastimadas o molestas, hacia los 24 meses de edad<\/li>\n<li>No notar a otros ni\u00f1os ni jugar con ellos, hacia los 36 meses de edad<\/li>\n<li>No jugar a ser otra cosa, como un maestro o superh\u00e9roe, hacia los 48 meses de edad<\/li>\n<li>No cantar, bailar ni actuar para usted, hacia los 60 meses de edad<\/li>\n<\/ul>\n<\/div><\/div><div class=\"wpb_text_column\"><div class=\"wpb_wrapper\"><h3>Conductas o intereses restrictivos o repetitivos<\/h3>\n<p>Las personas con TEA tienen conductas o intereses que pueden parecer inusuales. Estas conductas o intereses distinguen a los TEA de las afecciones que solo se definen por problemas con la comunicaci\u00f3n y la interacci\u00f3n sociales.<\/p>\n<p>Los ejemplos de conductas e intereses restrictivos o repetitivos relacionados con los TEA pueden incluir:<\/p>\n<ul>\n<li>Poner juguetes u otros objetos en fila y molestarse cuando se cambia el orden<\/li>\n<li>Repetir palabras o frases una y otra vez (esto se llama ecolalia)<\/li>\n<li>Jugar con juguetes de la misma manera todo el tiempo<\/li>\n<li>Enfocarse en partes de los objetos (por ejemplo, en las ruedas)<\/li>\n<li>Irritarse con cambios m\u00ednimos<\/li>\n<li>Tener intereses obsesivos<\/li>\n<li>Tener que seguir ciertas rutinas<\/li>\n<li>Aletear las manos, mecer el cuerpo o girar en c\u00edrculos<\/li>\n<li>Reaccionar de manera inusual a la forma en que las cosas suenan, huelen, saben, se ven o se sienten<\/li>\n<\/ul>\n<\/div><\/div><div class=\"wpb_text_column\"><div class=\"wpb_wrapper\"><h3>Otras caracter\u00edsticas<\/h3>\n<p>La mayor\u00eda de las personas con TEA tienen otras caracter\u00edsticas relacionadas. Estas podr\u00edan incluir:<\/p>\n<ul>\n<li>Retraso en las destrezas del lenguaje<\/li>\n<li>Retraso en las destrezas de movimiento<\/li>\n<li>Retraso en las destrezas cognitivas o de aprendizaje<\/li>\n<li>Conducta hiperactiva, impulsiva o distra\u00edda<\/li>\n<li>Epilepsia o trastornos convulsivos<\/li>\n<li>H\u00e1bitos de alimentaci\u00f3n y del sue\u00f1o inusuales<\/li>\n<li>Problemas gastrointestinales (por ejemplo, estre\u00f1imiento)<\/li>\n<li>Estados de \u00e1nimo o reacciones emocionales inusuales<\/li>\n<li>Ansiedad, estr\u00e9s o preocupaci\u00f3n excesiva<\/li>\n<li>No tener miedo o temer m\u00e1s de lo normal<\/li>\n<\/ul>\n<p>Es importante se\u00f1alar que es posible que los ni\u00f1os con TEA no tengan ninguna de las conductas mencionadas como ejemplos o que tengan algunas.<\/p>\n<\/div><\/div><\/div><\/div><\/div><\/div><\/div><\/div><\/div><\/section>","protected":false},"excerpt":{"rendered":"Autism Early SignsSigns and Symptoms of Autism Spectrum Disorder People with ASD often have problems with social communication and interaction, and restricted or repetitive behaviors or interests. People with ASD may also have different ways of learning, moving, or paying attention. It is important to note that some people without ASD might also have some...","protected":false},"author":1,"featured_media":0,"parent":0,"menu_order":0,"comment_status":"closed","ping_status":"closed","template":"","meta":{"footnotes":""},"_links":{"self":[{"href":"https:\/\/lead.rootsdigital.net\/es\/wp-json\/wp\/v2\/pages\/136"}],"collection":[{"href":"https:\/\/lead.rootsdigital.net\/es\/wp-json\/wp\/v2\/pages"}],"about":[{"href":"https:\/\/lead.rootsdigital.net\/es\/wp-json\/wp\/v2\/types\/page"}],"author":[{"embeddable":true,"href":"https:\/\/lead.rootsdigital.net\/es\/wp-json\/wp\/v2\/users\/1"}],"replies":[{"embeddable":true,"href":"https:\/\/lead.rootsdigital.net\/es\/wp-json\/wp\/v2\/comments?post=136"}],"version-history":[{"count":3,"href":"https:\/\/lead.rootsdigital.net\/es\/wp-json\/wp\/v2\/pages\/136\/revisions"}],"predecessor-version":[{"id":139,"href":"https:\/\/lead.rootsdigital.net\/es\/wp-json\/wp\/v2\/pages\/136\/revisions\/139"}],"wp:attachment":[{"href":"https:\/\/lead.rootsdigital.net\/es\/wp-json\/wp\/v2\/media?parent=136"}],"curies":[{"name":"wp","href":"https:\/\/api.w.org\/{rel}","templated":true}]}}