{"id":131,"date":"2024-01-10T00:21:24","date_gmt":"2024-01-10T00:21:24","guid":{"rendered":"https:\/\/lead.rootsdigital.net\/?page_id=131"},"modified":"2024-01-10T00:26:08","modified_gmt":"2024-01-10T00:26:08","slug":"autism-causes","status":"publish","type":"page","link":"https:\/\/lead.rootsdigital.net\/es\/autism-causes\/","title":{"rendered":"Causas del autismo"},"content":{"rendered":"<section class=\"l-section wpb_row us_custom_c9c82669 has_text_color height_large\"><div class=\"l-section-overlay\" style=\"background:rgba(20,20,20,0.42)\"><\/div><div class=\"l-section-h i-cf\"><div class=\"g-cols vc_row via_grid cols_1 laptops-cols_inherit tablets-cols_inherit mobiles-cols_1 valign_top type_default stacking_default\"><div class=\"wpb_column vc_column_container\"><div class=\"vc_column-inner\"><h1 class=\"w-post-elm post_title align_center entry-title color_link_inherit\">Causas del autismo<\/h1><\/div><\/div><\/div><\/div><\/section><section class=\"l-section wpb_row height_medium\"><div class=\"l-section-h i-cf\"><div class=\"g-cols vc_row via_grid cols_1 laptops-cols_inherit tablets-cols_inherit mobiles-cols_1 valign_top type_default stacking_default\"><div class=\"wpb_column vc_column_container\"><div class=\"vc_column-inner\"><div class=\"wpb_text_column\"><div class=\"wpb_wrapper\"><p><strong>No existe una \u00fanica causa de los TEA.<\/strong> Se han identificado muchos factores que podr\u00edan aumentar las probabilidades de que un ni\u00f1o tenga un TEA, como factores ambientales, biol\u00f3gicos y gen\u00e9ticos.<\/p>\n<p>Aunque sabemos poco sobre las causas espec\u00edficas, la evidencia disponible indica que lo siguiente podr\u00eda poner a los ni\u00f1os en mayor riesgo de presentar un TEA:<\/p>\n<ul>\n<li>Tener un hermano o hermana con TEA<\/li>\n<li>Tener ciertas afecciones gen\u00e9ticas o cromos\u00f3micas, como s\u00edndrome del cromosoma X fr\u00e1gil o esclerosis tuberosa<\/li>\n<li>Haber tenido complicaciones al nacer<\/li>\n<li>Haber nacido de padres mayores<\/li>\n<\/ul>\n<\/div><\/div><\/div><\/div><\/div><\/div><\/section>","protected":false},"excerpt":{"rendered":"Autism CausesThere is not just one cause of ASD. There are many different factors that have been identified that may make a child more likely to have ASD, including environmental, biologic, and genetic factors. Although we know little about specific causes, the available evidence suggests that the following may put children at greater risk for...","protected":false},"author":1,"featured_media":0,"parent":0,"menu_order":0,"comment_status":"closed","ping_status":"closed","template":"","meta":{"footnotes":""},"_links":{"self":[{"href":"https:\/\/lead.rootsdigital.net\/es\/wp-json\/wp\/v2\/pages\/131"}],"collection":[{"href":"https:\/\/lead.rootsdigital.net\/es\/wp-json\/wp\/v2\/pages"}],"about":[{"href":"https:\/\/lead.rootsdigital.net\/es\/wp-json\/wp\/v2\/types\/page"}],"author":[{"embeddable":true,"href":"https:\/\/lead.rootsdigital.net\/es\/wp-json\/wp\/v2\/users\/1"}],"replies":[{"embeddable":true,"href":"https:\/\/lead.rootsdigital.net\/es\/wp-json\/wp\/v2\/comments?post=131"}],"version-history":[{"count":3,"href":"https:\/\/lead.rootsdigital.net\/es\/wp-json\/wp\/v2\/pages\/131\/revisions"}],"predecessor-version":[{"id":135,"href":"https:\/\/lead.rootsdigital.net\/es\/wp-json\/wp\/v2\/pages\/131\/revisions\/135"}],"wp:attachment":[{"href":"https:\/\/lead.rootsdigital.net\/es\/wp-json\/wp\/v2\/media?parent=131"}],"curies":[{"name":"wp","href":"https:\/\/api.w.org\/{rel}","templated":true}]}}