{"id":107,"date":"2023-12-08T21:41:04","date_gmt":"2023-12-08T21:41:04","guid":{"rendered":"https:\/\/lead.rootsdigital.net\/?page_id=107"},"modified":"2024-01-10T00:20:08","modified_gmt":"2024-01-10T00:20:08","slug":"autism-basics","status":"publish","type":"page","link":"https:\/\/lead.rootsdigital.net\/es\/autism-basics\/","title":{"rendered":"Informacion Basica"},"content":{"rendered":"<section class=\"l-section wpb_row us_custom_c9c82669 has_text_color height_large\"><div class=\"l-section-overlay\" style=\"background:rgba(20,20,20,0.42)\"><\/div><div class=\"l-section-h i-cf\"><div class=\"g-cols vc_row via_grid cols_1 laptops-cols_inherit tablets-cols_inherit mobiles-cols_1 valign_top type_default stacking_default\"><div class=\"wpb_column vc_column_container\"><div class=\"vc_column-inner\"><h1 class=\"w-post-elm post_title align_center entry-title color_link_inherit\">Informacion Basica<\/h1><\/div><\/div><\/div><\/div><\/section><section class=\"l-section wpb_row height_medium\"><div class=\"l-section-h i-cf\"><div class=\"g-cols vc_row via_grid cols_1 laptops-cols_inherit tablets-cols_inherit mobiles-cols_1 valign_top type_default stacking_default\"><div class=\"wpb_column vc_column_container\"><div class=\"vc_column-inner\"><div class=\"wpb_text_column\"><div class=\"wpb_wrapper\"><h2>\u00bfQu\u00e9 son los trastornos del espectro autista?<\/h2>\n<p>Los trastornos del espectro autista (TEA) son discapacidades del desarrollo causadas por diferencias en el cerebro. Algunas personas con TEA tienen una diferencia conocida, como una afecci\u00f3n gen\u00e9tica. Todav\u00eda no se conocen otras causas. Los cient\u00edficos creen que los TEA tienen m\u00faltiples causas que, al actuar juntas, cambian las maneras m\u00e1s comunes en las que las personas se desarrollan. Todav\u00eda tenemos mucho que aprender sobre estas causas y c\u00f3mo estas afectan a las personas con TEA.<\/p>\n<p>Puede que las personas con TEA se comporten, comuniquen, interact\u00faen y aprendan de maneras que son distintas a las de la mayor\u00eda de las personas. Muchas veces no hay nada en su apariencia que las distinga de las dem\u00e1s. Las capacidades de las personas con TEA pueden variar de manera significativa. Por ejemplo, algunas personas con TEA podr\u00edan tener destrezas de conversaci\u00f3n avanzadas, mientras que otras podr\u00edan no expresarse verbalmente. Algunas personas con TEA necesitan mucha ayuda en su vida diaria; otras pueden trabajar y vivir con poca ayuda o nada de ayuda.<\/p>\n<p>Los TEA aparecen antes de los tres a\u00f1os de edad y pueden durar toda la vida, aunque los s\u00edntomas podr\u00edan mejorar con el tiempo. Algunos ni\u00f1os muestran s\u00edntomas de TEA en los primeros 12 meses de vida. En otros, puede que los s\u00edntomas no aparezcan hasta los 24 meses o despu\u00e9s. Algunos ni\u00f1os con TEA adquieren nuevas destrezas y alcanzan indicadores del desarrollo hasta alrededor de los 18 a 24 meses de edad, y despu\u00e9s dejan de adquirir nuevas destrezas o pierden las que ya ten\u00edan.<\/p>\n<\/div><\/div><div class=\"w-separator size_medium\"><\/div><div class=\"g-cols wpb_row via_grid cols_2 laptops-cols_inherit tablets-cols_inherit mobiles-cols_1 valign_top type_default stacking_default\"><div class=\"wpb_column vc_column_container us_custom_758b989a has_bg_color\"><div class=\"vc_column-inner\"><\/div><\/div><div class=\"wpb_column vc_column_container us_custom_7a479ae8 has_bg_color\"><div class=\"vc_column-inner\"><\/div><\/div><\/div><\/div><\/div><\/div><\/div><\/section>","protected":false},"excerpt":{"rendered":"Autism BasicsWhat is autism: Autism spectrum disorder (ASD) is a developmental disability caused by differences in the brain. Some people with ASD have a known difference, such as a genetic condition. Other causes are not yet known. Scientists believe there are multiple causes of ASD that act together to change the most common ways people...","protected":false},"author":1,"featured_media":0,"parent":0,"menu_order":0,"comment_status":"closed","ping_status":"closed","template":"","meta":{"footnotes":""},"_links":{"self":[{"href":"https:\/\/lead.rootsdigital.net\/es\/wp-json\/wp\/v2\/pages\/107"}],"collection":[{"href":"https:\/\/lead.rootsdigital.net\/es\/wp-json\/wp\/v2\/pages"}],"about":[{"href":"https:\/\/lead.rootsdigital.net\/es\/wp-json\/wp\/v2\/types\/page"}],"author":[{"embeddable":true,"href":"https:\/\/lead.rootsdigital.net\/es\/wp-json\/wp\/v2\/users\/1"}],"replies":[{"embeddable":true,"href":"https:\/\/lead.rootsdigital.net\/es\/wp-json\/wp\/v2\/comments?post=107"}],"version-history":[{"count":3,"href":"https:\/\/lead.rootsdigital.net\/es\/wp-json\/wp\/v2\/pages\/107\/revisions"}],"predecessor-version":[{"id":130,"href":"https:\/\/lead.rootsdigital.net\/es\/wp-json\/wp\/v2\/pages\/107\/revisions\/130"}],"wp:attachment":[{"href":"https:\/\/lead.rootsdigital.net\/es\/wp-json\/wp\/v2\/media?parent=107"}],"curies":[{"name":"wp","href":"https:\/\/api.w.org\/{rel}","templated":true}]}}